{"id":643125,"date":"2020-04-07T19:14:39","date_gmt":"2020-04-07T16:14:39","guid":{"rendered":"https:\/\/www.backalley.fi\/tuote\/retrolippis\/"},"modified":"2023-09-10T16:20:38","modified_gmt":"2023-09-10T13:20:38","slug":"retrolippis","status":"publish","type":"product","link":"https:\/\/www.backalley.fi\/en\/tuote\/retrolippis\/","title":{"rendered":"Retrolippis"},"content":{"rendered":"<p>Isk\u00e4hatut ei ole vain iseille, varsinkaan jos ne on retroja. T\u00e4m\u00e4 matalaprofiilinen lippis on varustettu s\u00e4\u00e4dett\u00e4v\u00e4ll\u00e4 hihnalla ja k\u00e4yr\u00e4ll\u00e4 lipalla.<br \/>\n\u2022 100% chino puuvillaa<br \/>\n\u2022 S\u00e4\u00e4dett\u00e4v\u00e4 hihna &#8220;antiikkisella&#8221; soljella<br \/>\n\u2022 P\u00e4\u00e4n ymp\u00e4rysmitta: 52 &#8211; 54,9 cm<\/p>\n<p>Tilaustuote<\/p>\n<!--themify_builder_content-->\n<div id=\"themify_builder_content-643125\" data-postid=\"643125\" class=\"themify_builder_content themify_builder_content-643125 themify_builder tf_clear\">\n    <\/div>\n<!--\/themify_builder_content-->\n","protected":false},"excerpt":{"rendered":"<p>Isk\u00e4hatut ei ole vain iseille, varsinkaan jos ne on retroja. T\u00e4m\u00e4 matalaprofiilinen lippis on varustettu s\u00e4\u00e4dett\u00e4v\u00e4ll\u00e4 hihnalla ja k\u00e4yr\u00e4ll\u00e4 lipalla. \u2022 100% chino puuvillaa \u2022 S\u00e4\u00e4dett\u00e4v\u00e4 hihna &#8220;antiikkisella&#8221; soljella \u2022 [&hellip;]<\/p>\n","protected":false},"featured_media":643130,"comment_status":"open","ping_status":"closed","template":"","meta":[],"product_brand":[],"product_cat":[55],"product_tag":[],"class_list":{"0":"post-643125","1":"product","2":"type-product","3":"status-publish","4":"has-post-thumbnail","6":"product_cat-asusteet","7":"member-discount","8":"discount-restricted","9":"has-post-title","10":"has-post-date","11":"has-post-category","12":"has-post-tag","13":"has-post-comment","14":"has-post-author","15":"","17":"first","18":"instock","19":"taxable","20":"shipping-taxable","21":"purchasable","22":"product-type-variable","23":"has-default-attributes"},"yoast_head":"<!-- This site is optimized with the Yoast SEO plugin v25.8 - https:\/\/yoast.com\/wordpress\/plugins\/seo\/ -->\n<title>Retrolippis &#8211; The Back Alley<\/title>\n<meta name=\"robots\" content=\"index, follow, max-snippet:-1, max-image-preview:large, max-video-preview:-1\" \/>\n<link rel=\"canonical\" href=\"https:\/\/www.backalley.fi\/tuote\/retrolippis\/\" \/>\n<meta property=\"og:locale\" content=\"en_US\" \/>\n<meta property=\"og:type\" content=\"article\" \/>\n<meta property=\"og:title\" content=\"Retrolippis &#8211; The Back Alley\" \/>\n<meta property=\"og:description\" content=\"Isk\u00e4hatut ei ole vain iseille, varsinkaan jos ne on retroja. T\u00e4m\u00e4 matalaprofiilinen lippis on varustettu s\u00e4\u00e4dett\u00e4v\u00e4ll\u00e4 hihnalla ja k\u00e4yr\u00e4ll\u00e4 lipalla. \u2022 100% chino puuvillaa \u2022 S\u00e4\u00e4dett\u00e4v\u00e4 hihna &#8220;antiikkisella&#8221; soljella \u2022 [&hellip;]\" \/>\n<meta property=\"og:url\" content=\"https:\/\/www.backalley.fi\/tuote\/retrolippis\/\" \/>\n<meta property=\"og:site_name\" content=\"The Back Alley\" \/>\n<meta property=\"article:publisher\" content=\"https:\/\/www.facebook.com\/TheBackAlleyCQC\/\" \/>\n<meta property=\"article:modified_time\" content=\"2023-09-10T13:20:38+00:00\" \/>\n<meta property=\"og:image\" content=\"https:\/\/www.backalley.fi\/wp-content\/uploads\/2020\/04\/mockup-932432c8.png\" \/>\n\t<meta property=\"og:image:width\" content=\"1000\" \/>\n\t<meta property=\"og:image:height\" content=\"1000\" \/>\n\t<meta property=\"og:image:type\" content=\"image\/png\" \/>\n<meta name=\"twitter:card\" content=\"summary_large_image\" \/>\n<script type=\"application\/ld+json\" class=\"yoast-schema-graph\">{\"@context\":\"https:\/\/schema.org\",\"@graph\":[{\"@type\":\"WebPage\",\"@id\":\"https:\/\/www.backalley.fi\/tuote\/retrolippis\/\",\"url\":\"https:\/\/www.backalley.fi\/tuote\/retrolippis\/\",\"name\":\"Retrolippis &#8211; The Back Alley\",\"isPartOf\":{\"@id\":\"https:\/\/www.backalley.fi\/#website\"},\"primaryImageOfPage\":{\"@id\":\"https:\/\/www.backalley.fi\/tuote\/retrolippis\/#primaryimage\"},\"image\":{\"@id\":\"https:\/\/www.backalley.fi\/tuote\/retrolippis\/#primaryimage\"},\"thumbnailUrl\":\"https:\/\/www.backalley.fi\/wp-content\/uploads\/2020\/04\/mockup-932432c8.png\",\"datePublished\":\"2020-04-07T16:14:39+00:00\",\"dateModified\":\"2023-09-10T13:20:38+00:00\",\"breadcrumb\":{\"@id\":\"https:\/\/www.backalley.fi\/tuote\/retrolippis\/#breadcrumb\"},\"inLanguage\":\"en-US\",\"potentialAction\":[{\"@type\":\"ReadAction\",\"target\":[\"https:\/\/www.backalley.fi\/tuote\/retrolippis\/\"]}]},{\"@type\":\"ImageObject\",\"inLanguage\":\"en-US\",\"@id\":\"https:\/\/www.backalley.fi\/tuote\/retrolippis\/#primaryimage\",\"url\":\"https:\/\/www.backalley.fi\/wp-content\/uploads\/2020\/04\/mockup-932432c8.png\",\"contentUrl\":\"https:\/\/www.backalley.fi\/wp-content\/uploads\/2020\/04\/mockup-932432c8.png\",\"width\":1000,\"height\":1000},{\"@type\":\"BreadcrumbList\",\"@id\":\"https:\/\/www.backalley.fi\/tuote\/retrolippis\/#breadcrumb\",\"itemListElement\":[{\"@type\":\"ListItem\",\"position\":1,\"name\":\"Home\",\"item\":\"https:\/\/www.backalley.fi\/\"},{\"@type\":\"ListItem\",\"position\":2,\"name\":\"Kauppa\",\"item\":\"https:\/\/www.backalley.fi\/kauppa\/\"},{\"@type\":\"ListItem\",\"position\":3,\"name\":\"Retrolippis\"}]},{\"@type\":\"WebSite\",\"@id\":\"https:\/\/www.backalley.fi\/#website\",\"url\":\"https:\/\/www.backalley.fi\/\",\"name\":\"The Back Alley\",\"description\":\"\",\"publisher\":{\"@id\":\"https:\/\/www.backalley.fi\/#organization\"},\"potentialAction\":[{\"@type\":\"SearchAction\",\"target\":{\"@type\":\"EntryPoint\",\"urlTemplate\":\"https:\/\/www.backalley.fi\/?s={search_term_string}\"},\"query-input\":{\"@type\":\"PropertyValueSpecification\",\"valueRequired\":true,\"valueName\":\"search_term_string\"}}],\"inLanguage\":\"en-US\"},{\"@type\":\"Organization\",\"@id\":\"https:\/\/www.backalley.fi\/#organization\",\"name\":\"Back Alley\",\"url\":\"https:\/\/www.backalley.fi\/\",\"logo\":{\"@type\":\"ImageObject\",\"inLanguage\":\"en-US\",\"@id\":\"https:\/\/www.backalley.fi\/#\/schema\/logo\/image\/\",\"url\":\"https:\/\/www.backalley.fi\/wp-content\/uploads\/2020\/03\/Logo_new_1.3_tBG.png\",\"contentUrl\":\"https:\/\/www.backalley.fi\/wp-content\/uploads\/2020\/03\/Logo_new_1.3_tBG.png\",\"width\":2560,\"height\":451,\"caption\":\"Back Alley\"},\"image\":{\"@id\":\"https:\/\/www.backalley.fi\/#\/schema\/logo\/image\/\"},\"sameAs\":[\"https:\/\/www.facebook.com\/TheBackAlleyCQC\/\",\"https:\/\/www.instagram.com\/backalleycqc\/\",\"https:\/\/www.youtube.com\/channel\/UCzaYy43hmcLuaDWmLfqNsVA\"]}]}<\/script>\n<!-- \/ Yoast SEO plugin. -->","yoast_head_json":{"title":"Retrolippis &#8211; The Back Alley","robots":{"index":"index","follow":"follow","max-snippet":"max-snippet:-1","max-image-preview":"max-image-preview:large","max-video-preview":"max-video-preview:-1"},"canonical":"https:\/\/www.backalley.fi\/tuote\/retrolippis\/","og_locale":"en_US","og_type":"article","og_title":"Retrolippis &#8211; The Back Alley","og_description":"Isk\u00e4hatut ei ole vain iseille, varsinkaan jos ne on retroja. T\u00e4m\u00e4 matalaprofiilinen lippis on varustettu s\u00e4\u00e4dett\u00e4v\u00e4ll\u00e4 hihnalla ja k\u00e4yr\u00e4ll\u00e4 lipalla. \u2022 100% chino puuvillaa \u2022 S\u00e4\u00e4dett\u00e4v\u00e4 hihna &#8220;antiikkisella&#8221; soljella \u2022 [&hellip;]","og_url":"https:\/\/www.backalley.fi\/tuote\/retrolippis\/","og_site_name":"The Back Alley","article_publisher":"https:\/\/www.facebook.com\/TheBackAlleyCQC\/","article_modified_time":"2023-09-10T13:20:38+00:00","og_image":[{"width":1000,"height":1000,"url":"https:\/\/www.backalley.fi\/wp-content\/uploads\/2020\/04\/mockup-932432c8.png","type":"image\/png"}],"twitter_card":"summary_large_image","schema":{"@context":"https:\/\/schema.org","@graph":[{"@type":"WebPage","@id":"https:\/\/www.backalley.fi\/tuote\/retrolippis\/","url":"https:\/\/www.backalley.fi\/tuote\/retrolippis\/","name":"Retrolippis &#8211; The Back Alley","isPartOf":{"@id":"https:\/\/www.backalley.fi\/#website"},"primaryImageOfPage":{"@id":"https:\/\/www.backalley.fi\/tuote\/retrolippis\/#primaryimage"},"image":{"@id":"https:\/\/www.backalley.fi\/tuote\/retrolippis\/#primaryimage"},"thumbnailUrl":"https:\/\/www.backalley.fi\/wp-content\/uploads\/2020\/04\/mockup-932432c8.png","datePublished":"2020-04-07T16:14:39+00:00","dateModified":"2023-09-10T13:20:38+00:00","breadcrumb":{"@id":"https:\/\/www.backalley.fi\/tuote\/retrolippis\/#breadcrumb"},"inLanguage":"en-US","potentialAction":[{"@type":"ReadAction","target":["https:\/\/www.backalley.fi\/tuote\/retrolippis\/"]}]},{"@type":"ImageObject","inLanguage":"en-US","@id":"https:\/\/www.backalley.fi\/tuote\/retrolippis\/#primaryimage","url":"https:\/\/www.backalley.fi\/wp-content\/uploads\/2020\/04\/mockup-932432c8.png","contentUrl":"https:\/\/www.backalley.fi\/wp-content\/uploads\/2020\/04\/mockup-932432c8.png","width":1000,"height":1000},{"@type":"BreadcrumbList","@id":"https:\/\/www.backalley.fi\/tuote\/retrolippis\/#breadcrumb","itemListElement":[{"@type":"ListItem","position":1,"name":"Home","item":"https:\/\/www.backalley.fi\/"},{"@type":"ListItem","position":2,"name":"Kauppa","item":"https:\/\/www.backalley.fi\/kauppa\/"},{"@type":"ListItem","position":3,"name":"Retrolippis"}]},{"@type":"WebSite","@id":"https:\/\/www.backalley.fi\/#website","url":"https:\/\/www.backalley.fi\/","name":"The Back Alley","description":"","publisher":{"@id":"https:\/\/www.backalley.fi\/#organization"},"potentialAction":[{"@type":"SearchAction","target":{"@type":"EntryPoint","urlTemplate":"https:\/\/www.backalley.fi\/?s={search_term_string}"},"query-input":{"@type":"PropertyValueSpecification","valueRequired":true,"valueName":"search_term_string"}}],"inLanguage":"en-US"},{"@type":"Organization","@id":"https:\/\/www.backalley.fi\/#organization","name":"Back Alley","url":"https:\/\/www.backalley.fi\/","logo":{"@type":"ImageObject","inLanguage":"en-US","@id":"https:\/\/www.backalley.fi\/#\/schema\/logo\/image\/","url":"https:\/\/www.backalley.fi\/wp-content\/uploads\/2020\/03\/Logo_new_1.3_tBG.png","contentUrl":"https:\/\/www.backalley.fi\/wp-content\/uploads\/2020\/03\/Logo_new_1.3_tBG.png","width":2560,"height":451,"caption":"Back Alley"},"image":{"@id":"https:\/\/www.backalley.fi\/#\/schema\/logo\/image\/"},"sameAs":["https:\/\/www.facebook.com\/TheBackAlleyCQC\/","https:\/\/www.instagram.com\/backalleycqc\/","https:\/\/www.youtube.com\/channel\/UCzaYy43hmcLuaDWmLfqNsVA"]}]}},"builder_content":"","_links":{"self":[{"href":"https:\/\/www.backalley.fi\/en\/wp-json\/wp\/v2\/product\/643125","targetHints":{"allow":["GET"]}}],"collection":[{"href":"https:\/\/www.backalley.fi\/en\/wp-json\/wp\/v2\/product"}],"about":[{"href":"https:\/\/www.backalley.fi\/en\/wp-json\/wp\/v2\/types\/product"}],"replies":[{"embeddable":true,"href":"https:\/\/www.backalley.fi\/en\/wp-json\/wp\/v2\/comments?post=643125"}],"wp:featuredmedia":[{"embeddable":true,"href":"https:\/\/www.backalley.fi\/en\/wp-json\/wp\/v2\/media\/643130"}],"wp:attachment":[{"href":"https:\/\/www.backalley.fi\/en\/wp-json\/wp\/v2\/media?parent=643125"}],"wp:term":[{"taxonomy":"product_brand","embeddable":true,"href":"https:\/\/www.backalley.fi\/en\/wp-json\/wp\/v2\/product_brand?post=643125"},{"taxonomy":"product_cat","embeddable":true,"href":"https:\/\/www.backalley.fi\/en\/wp-json\/wp\/v2\/product_cat?post=643125"},{"taxonomy":"product_tag","embeddable":true,"href":"https:\/\/www.backalley.fi\/en\/wp-json\/wp\/v2\/product_tag?post=643125"}],"curies":[{"name":"wp","href":"https:\/\/api.w.org\/{rel}","templated":true}]}}