{"id":643711,"date":"2020-04-09T13:06:46","date_gmt":"2020-04-09T10:06:46","guid":{"rendered":"https:\/\/www.backalley.fi\/tuote\/tuubihuivi\/"},"modified":"2023-09-10T16:20:26","modified_gmt":"2023-09-10T13:20:26","slug":"tuubihuivi","status":"publish","type":"product","link":"https:\/\/www.backalley.fi\/en\/tuote\/tuubihuivi\/","title":{"rendered":"Tuubihuivi"},"content":{"rendered":"<p>Vanhemmat muotivillitykset voivat olla jokaisen airsoftaajan hyv\u00e4 yst\u00e4v\u00e4. Tuubihuivi sopii kuitenkin pelaamiseen ja moneen muuhunkin tekemiseen eritt\u00e4in loistavasti. Jokaisella pelaajalla tulisi olla yksi t\u00e4llainen v\u00e4hint\u00e4\u00e4n takataskussa.<br \/>\n\u2022 95% polyesteri\u00e4, 5% elastaania<br \/>\n\u2022 210 g\/m\u00b2<br \/>\n\u2022 Hengitt\u00e4v\u00e4\u00e4 kangasta<br \/>\n\u2022 Ei pelk\u00e4st\u00e4\u00e4n kertak\u00e4ytt\u00f6inen vaan pest\u00e4v\u00e4<br \/>\n\u2022 One size<br \/>\n\u2022 Printti vain toisella puolella, toinen puoli on tyhj\u00e4<\/p>\n<p>Tilaustuote<\/p>\n<!--themify_builder_content-->\n<div id=\"themify_builder_content-643711\" data-postid=\"643711\" class=\"themify_builder_content themify_builder_content-643711 themify_builder tf_clear\">\n    <\/div>\n<!--\/themify_builder_content-->\n","protected":false},"excerpt":{"rendered":"<p>Vanhemmat muotivillitykset voivat olla jokaisen airsoftaajan hyv\u00e4 yst\u00e4v\u00e4. Tuubihuivi sopii kuitenkin pelaamiseen ja moneen muuhunkin tekemiseen eritt\u00e4in loistavasti. Jokaisella pelaajalla tulisi olla yksi t\u00e4llainen v\u00e4hint\u00e4\u00e4n takataskussa. \u2022 95% polyesteri\u00e4, 5% [&hellip;]<\/p>\n","protected":false},"featured_media":643712,"comment_status":"open","ping_status":"closed","template":"","meta":[],"product_brand":[],"product_cat":[55],"product_tag":[],"class_list":{"0":"post-643711","1":"product","2":"type-product","3":"status-publish","4":"has-post-thumbnail","6":"product_cat-asusteet","7":"member-discount","8":"discount-restricted","9":"has-post-title","10":"has-post-date","11":"has-post-category","12":"has-post-tag","13":"has-post-comment","14":"has-post-author","15":"","17":"first","18":"instock","19":"taxable","20":"shipping-taxable","21":"purchasable","22":"product-type-simple"},"yoast_head":"<!-- This site is optimized with the Yoast SEO plugin v25.8 - https:\/\/yoast.com\/wordpress\/plugins\/seo\/ -->\n<title>Tuubihuivi &#8211; The Back Alley<\/title>\n<meta name=\"robots\" content=\"index, follow, max-snippet:-1, max-image-preview:large, max-video-preview:-1\" \/>\n<link rel=\"canonical\" href=\"https:\/\/www.backalley.fi\/tuote\/tuubihuivi\/\" \/>\n<meta property=\"og:locale\" content=\"en_US\" \/>\n<meta property=\"og:type\" content=\"article\" \/>\n<meta property=\"og:title\" content=\"Tuubihuivi &#8211; The Back Alley\" \/>\n<meta property=\"og:description\" content=\"Vanhemmat muotivillitykset voivat olla jokaisen airsoftaajan hyv\u00e4 yst\u00e4v\u00e4. Tuubihuivi sopii kuitenkin pelaamiseen ja moneen muuhunkin tekemiseen eritt\u00e4in loistavasti. Jokaisella pelaajalla tulisi olla yksi t\u00e4llainen v\u00e4hint\u00e4\u00e4n takataskussa. \u2022 95% polyesteri\u00e4, 5% [&hellip;]\" \/>\n<meta property=\"og:url\" content=\"https:\/\/www.backalley.fi\/tuote\/tuubihuivi\/\" \/>\n<meta property=\"og:site_name\" content=\"The Back Alley\" \/>\n<meta property=\"article:publisher\" content=\"https:\/\/www.facebook.com\/TheBackAlleyCQC\/\" \/>\n<meta property=\"article:modified_time\" content=\"2023-09-10T13:20:26+00:00\" \/>\n<meta property=\"og:image\" content=\"https:\/\/www.backalley.fi\/wp-content\/uploads\/2020\/04\/mockup-b63f06bf.jpg\" \/>\n\t<meta property=\"og:image:width\" content=\"1000\" \/>\n\t<meta property=\"og:image:height\" content=\"1000\" \/>\n\t<meta property=\"og:image:type\" content=\"image\/jpeg\" \/>\n<meta name=\"twitter:card\" content=\"summary_large_image\" \/>\n<script type=\"application\/ld+json\" class=\"yoast-schema-graph\">{\"@context\":\"https:\/\/schema.org\",\"@graph\":[{\"@type\":\"WebPage\",\"@id\":\"https:\/\/www.backalley.fi\/tuote\/tuubihuivi\/\",\"url\":\"https:\/\/www.backalley.fi\/tuote\/tuubihuivi\/\",\"name\":\"Tuubihuivi &#8211; The Back Alley\",\"isPartOf\":{\"@id\":\"https:\/\/www.backalley.fi\/#website\"},\"primaryImageOfPage\":{\"@id\":\"https:\/\/www.backalley.fi\/tuote\/tuubihuivi\/#primaryimage\"},\"image\":{\"@id\":\"https:\/\/www.backalley.fi\/tuote\/tuubihuivi\/#primaryimage\"},\"thumbnailUrl\":\"https:\/\/www.backalley.fi\/wp-content\/uploads\/2020\/04\/mockup-b63f06bf.jpg\",\"datePublished\":\"2020-04-09T10:06:46+00:00\",\"dateModified\":\"2023-09-10T13:20:26+00:00\",\"breadcrumb\":{\"@id\":\"https:\/\/www.backalley.fi\/tuote\/tuubihuivi\/#breadcrumb\"},\"inLanguage\":\"en-US\",\"potentialAction\":[{\"@type\":\"ReadAction\",\"target\":[\"https:\/\/www.backalley.fi\/tuote\/tuubihuivi\/\"]}]},{\"@type\":\"ImageObject\",\"inLanguage\":\"en-US\",\"@id\":\"https:\/\/www.backalley.fi\/tuote\/tuubihuivi\/#primaryimage\",\"url\":\"https:\/\/www.backalley.fi\/wp-content\/uploads\/2020\/04\/mockup-b63f06bf.jpg\",\"contentUrl\":\"https:\/\/www.backalley.fi\/wp-content\/uploads\/2020\/04\/mockup-b63f06bf.jpg\",\"width\":1000,\"height\":1000},{\"@type\":\"BreadcrumbList\",\"@id\":\"https:\/\/www.backalley.fi\/tuote\/tuubihuivi\/#breadcrumb\",\"itemListElement\":[{\"@type\":\"ListItem\",\"position\":1,\"name\":\"Home\",\"item\":\"https:\/\/www.backalley.fi\/\"},{\"@type\":\"ListItem\",\"position\":2,\"name\":\"Kauppa\",\"item\":\"https:\/\/www.backalley.fi\/kauppa\/\"},{\"@type\":\"ListItem\",\"position\":3,\"name\":\"Tuubihuivi\"}]},{\"@type\":\"WebSite\",\"@id\":\"https:\/\/www.backalley.fi\/#website\",\"url\":\"https:\/\/www.backalley.fi\/\",\"name\":\"The Back Alley\",\"description\":\"\",\"publisher\":{\"@id\":\"https:\/\/www.backalley.fi\/#organization\"},\"potentialAction\":[{\"@type\":\"SearchAction\",\"target\":{\"@type\":\"EntryPoint\",\"urlTemplate\":\"https:\/\/www.backalley.fi\/?s={search_term_string}\"},\"query-input\":{\"@type\":\"PropertyValueSpecification\",\"valueRequired\":true,\"valueName\":\"search_term_string\"}}],\"inLanguage\":\"en-US\"},{\"@type\":\"Organization\",\"@id\":\"https:\/\/www.backalley.fi\/#organization\",\"name\":\"Back Alley\",\"url\":\"https:\/\/www.backalley.fi\/\",\"logo\":{\"@type\":\"ImageObject\",\"inLanguage\":\"en-US\",\"@id\":\"https:\/\/www.backalley.fi\/#\/schema\/logo\/image\/\",\"url\":\"https:\/\/www.backalley.fi\/wp-content\/uploads\/2020\/03\/Logo_new_1.3_tBG.png\",\"contentUrl\":\"https:\/\/www.backalley.fi\/wp-content\/uploads\/2020\/03\/Logo_new_1.3_tBG.png\",\"width\":2560,\"height\":451,\"caption\":\"Back Alley\"},\"image\":{\"@id\":\"https:\/\/www.backalley.fi\/#\/schema\/logo\/image\/\"},\"sameAs\":[\"https:\/\/www.facebook.com\/TheBackAlleyCQC\/\",\"https:\/\/www.instagram.com\/backalleycqc\/\",\"https:\/\/www.youtube.com\/channel\/UCzaYy43hmcLuaDWmLfqNsVA\"]}]}<\/script>\n<!-- \/ Yoast SEO plugin. -->","yoast_head_json":{"title":"Tuubihuivi &#8211; The Back Alley","robots":{"index":"index","follow":"follow","max-snippet":"max-snippet:-1","max-image-preview":"max-image-preview:large","max-video-preview":"max-video-preview:-1"},"canonical":"https:\/\/www.backalley.fi\/tuote\/tuubihuivi\/","og_locale":"en_US","og_type":"article","og_title":"Tuubihuivi &#8211; The Back Alley","og_description":"Vanhemmat muotivillitykset voivat olla jokaisen airsoftaajan hyv\u00e4 yst\u00e4v\u00e4. Tuubihuivi sopii kuitenkin pelaamiseen ja moneen muuhunkin tekemiseen eritt\u00e4in loistavasti. Jokaisella pelaajalla tulisi olla yksi t\u00e4llainen v\u00e4hint\u00e4\u00e4n takataskussa. \u2022 95% polyesteri\u00e4, 5% [&hellip;]","og_url":"https:\/\/www.backalley.fi\/tuote\/tuubihuivi\/","og_site_name":"The Back Alley","article_publisher":"https:\/\/www.facebook.com\/TheBackAlleyCQC\/","article_modified_time":"2023-09-10T13:20:26+00:00","og_image":[{"width":1000,"height":1000,"url":"https:\/\/www.backalley.fi\/wp-content\/uploads\/2020\/04\/mockup-b63f06bf.jpg","type":"image\/jpeg"}],"twitter_card":"summary_large_image","schema":{"@context":"https:\/\/schema.org","@graph":[{"@type":"WebPage","@id":"https:\/\/www.backalley.fi\/tuote\/tuubihuivi\/","url":"https:\/\/www.backalley.fi\/tuote\/tuubihuivi\/","name":"Tuubihuivi &#8211; The Back Alley","isPartOf":{"@id":"https:\/\/www.backalley.fi\/#website"},"primaryImageOfPage":{"@id":"https:\/\/www.backalley.fi\/tuote\/tuubihuivi\/#primaryimage"},"image":{"@id":"https:\/\/www.backalley.fi\/tuote\/tuubihuivi\/#primaryimage"},"thumbnailUrl":"https:\/\/www.backalley.fi\/wp-content\/uploads\/2020\/04\/mockup-b63f06bf.jpg","datePublished":"2020-04-09T10:06:46+00:00","dateModified":"2023-09-10T13:20:26+00:00","breadcrumb":{"@id":"https:\/\/www.backalley.fi\/tuote\/tuubihuivi\/#breadcrumb"},"inLanguage":"en-US","potentialAction":[{"@type":"ReadAction","target":["https:\/\/www.backalley.fi\/tuote\/tuubihuivi\/"]}]},{"@type":"ImageObject","inLanguage":"en-US","@id":"https:\/\/www.backalley.fi\/tuote\/tuubihuivi\/#primaryimage","url":"https:\/\/www.backalley.fi\/wp-content\/uploads\/2020\/04\/mockup-b63f06bf.jpg","contentUrl":"https:\/\/www.backalley.fi\/wp-content\/uploads\/2020\/04\/mockup-b63f06bf.jpg","width":1000,"height":1000},{"@type":"BreadcrumbList","@id":"https:\/\/www.backalley.fi\/tuote\/tuubihuivi\/#breadcrumb","itemListElement":[{"@type":"ListItem","position":1,"name":"Home","item":"https:\/\/www.backalley.fi\/"},{"@type":"ListItem","position":2,"name":"Kauppa","item":"https:\/\/www.backalley.fi\/kauppa\/"},{"@type":"ListItem","position":3,"name":"Tuubihuivi"}]},{"@type":"WebSite","@id":"https:\/\/www.backalley.fi\/#website","url":"https:\/\/www.backalley.fi\/","name":"The Back Alley","description":"","publisher":{"@id":"https:\/\/www.backalley.fi\/#organization"},"potentialAction":[{"@type":"SearchAction","target":{"@type":"EntryPoint","urlTemplate":"https:\/\/www.backalley.fi\/?s={search_term_string}"},"query-input":{"@type":"PropertyValueSpecification","valueRequired":true,"valueName":"search_term_string"}}],"inLanguage":"en-US"},{"@type":"Organization","@id":"https:\/\/www.backalley.fi\/#organization","name":"Back Alley","url":"https:\/\/www.backalley.fi\/","logo":{"@type":"ImageObject","inLanguage":"en-US","@id":"https:\/\/www.backalley.fi\/#\/schema\/logo\/image\/","url":"https:\/\/www.backalley.fi\/wp-content\/uploads\/2020\/03\/Logo_new_1.3_tBG.png","contentUrl":"https:\/\/www.backalley.fi\/wp-content\/uploads\/2020\/03\/Logo_new_1.3_tBG.png","width":2560,"height":451,"caption":"Back Alley"},"image":{"@id":"https:\/\/www.backalley.fi\/#\/schema\/logo\/image\/"},"sameAs":["https:\/\/www.facebook.com\/TheBackAlleyCQC\/","https:\/\/www.instagram.com\/backalleycqc\/","https:\/\/www.youtube.com\/channel\/UCzaYy43hmcLuaDWmLfqNsVA"]}]}},"builder_content":"","_links":{"self":[{"href":"https:\/\/www.backalley.fi\/en\/wp-json\/wp\/v2\/product\/643711","targetHints":{"allow":["GET"]}}],"collection":[{"href":"https:\/\/www.backalley.fi\/en\/wp-json\/wp\/v2\/product"}],"about":[{"href":"https:\/\/www.backalley.fi\/en\/wp-json\/wp\/v2\/types\/product"}],"replies":[{"embeddable":true,"href":"https:\/\/www.backalley.fi\/en\/wp-json\/wp\/v2\/comments?post=643711"}],"wp:featuredmedia":[{"embeddable":true,"href":"https:\/\/www.backalley.fi\/en\/wp-json\/wp\/v2\/media\/643712"}],"wp:attachment":[{"href":"https:\/\/www.backalley.fi\/en\/wp-json\/wp\/v2\/media?parent=643711"}],"wp:term":[{"taxonomy":"product_brand","embeddable":true,"href":"https:\/\/www.backalley.fi\/en\/wp-json\/wp\/v2\/product_brand?post=643711"},{"taxonomy":"product_cat","embeddable":true,"href":"https:\/\/www.backalley.fi\/en\/wp-json\/wp\/v2\/product_cat?post=643711"},{"taxonomy":"product_tag","embeddable":true,"href":"https:\/\/www.backalley.fi\/en\/wp-json\/wp\/v2\/product_tag?post=643711"}],"curies":[{"name":"wp","href":"https:\/\/api.w.org\/{rel}","templated":true}]}}