{"id":666067,"date":"2023-10-07T13:22:22","date_gmt":"2023-10-07T10:22:22","guid":{"rendered":"https:\/\/www.backalley.fi\/?post_type=product&#038;p=666067"},"modified":"2024-09-01T00:22:59","modified_gmt":"2024-08-31T21:22:59","slug":"kaappivuokra-king","status":"publish","type":"product","link":"https:\/\/www.backalley.fi\/en\/tuote\/kaappivuokra-king\/","title":{"rendered":"Kaappivuokra King"},"content":{"rendered":"<p>Ehdot:<\/p>\n<ul>\n<li>Kaappiin on tuotava oma lukko (kaapin ovessa 7 mm reik\u00e4 lukolle)<\/li>\n<li>Kaappi on tarkoitettu vain varusteiden sek\u00e4 airsoft aseiden ja tarvikkeiden s\u00e4ilytykseen<\/li>\n<li>Terveys- ja turvallisuussyist\u00e4 kaapissa ei saa s\u00e4ilytt\u00e4\u00e4\n<ul>\n<li>Laittomia aineita tai esineit\u00e4,<\/li>\n<li>R\u00e4j\u00e4hteit\u00e4,<\/li>\n<li>Helposti syttyvi\u00e4, ymp\u00e4rist\u00f6lle tai terveydelle vaarallisia tai haittaa aiheuttavia aineita tai esineit\u00e4<\/li>\n<li>Eloper\u00e4isi\u00e4 aineita<\/li>\n<\/ul>\n<\/li>\n<li>Jos Back Alley arvioi s\u00e4ilytetyn tavaran voivan olla haitaksi ihmisille, kiinteist\u00f6lle tai s\u00e4ilytyskaapille, on vuokralainen velvollinen poistamaan v\u00e4litt\u00f6m\u00e4sti kyseisen tavaran vuokraamastaan tilasta. Mik\u00e4li poistoa ei tehd\u00e4 riitt\u00e4v\u00e4n ajan puitteista, lukko murretaan, sek\u00e4 veloitetaan 30 \u20ac avausmaksu. Murrettua lukkoa ei korvata.<\/li>\n<li>Asiakkaalla on p\u00e4\u00e4sy kaapille aukioloaikoina tai erikseen sovittuna.<\/li>\n<li>Maksu veloitetaan automaattisesti kortilta joka kuukausi<\/li>\n<li>Sopimuksen irtisanominen tapahtuu ottamalla yhteytt\u00e4 osoitteeseen <a href=\"mailto:support@backalley.fi\">support@backalley.fi<\/a><\/li>\n<li>Sopimuksen irtisanomisaika on yksi kuukausi<\/li>\n<li>Kaappi on tyhjennett\u00e4v\u00e4 yhden kuukauden sis\u00e4\u00e4n irtisanomisajan p\u00e4\u00e4ttymisest\u00e4.<\/li>\n<li>Sopimus katsotaan irtisanotuksi, mik\u00e4li maksua ei ole suoritettu tai automaattinen veloitus ep\u00e4onnistuu.\n<ul>\n<li>Maksun voi suorittaa omalta tililt\u00e4 kaapin tyhjennysp\u00e4iv\u00e4\u00e4n menness\u00e4, jolloin sopimus jatkuu automaattisesti<\/li>\n<\/ul>\n<\/li>\n<li>Back Alley on vakuuttanut kaapit ja kent\u00e4n varustuksen eik\u00e4 se kata kaapin sis\u00e4lt\u00f6\u00e4. Vuokralainen vastaa itse kaappiin j\u00e4tt\u00e4m\u00e4st\u00e4 tavarastaan.<\/li>\n<li>Mik\u00e4li kaappia ei ole tyhjennetty tyhjennysp\u00e4iv\u00e4\u00e4n menness\u00e4, tyhjennet\u00e4\u00e4n kaappi Back Alleyn toimesta ja tavaroita s\u00e4ilytet\u00e4\u00e4n 3 kuukautta, jonka j\u00e4lkeen ne h\u00e4vitet\u00e4\u00e4n tai huutokaupataan. S\u00e4ilytyksest\u00e4 veloitetaan hinnaston mukainen s\u00e4ilytys- ja avausmaksu.<\/li>\n<\/ul>\n","protected":false},"excerpt":{"rendered":"<p>Tarvitsetko s\u00e4ilytystilaa Back Alleylta? T\u00e4st\u00e4 sit\u00e4 saa. Perus peltikaappi ilman erikoisempia krumeluureja. Kaappiin mahtuu helposti varusteet ja pari pyssy\u00e4kin. Vuokra sis\u00e4lt\u00e4\u00e4 k\u00e4ytt\u00f6oikeuden kaappiin. Homma on viel\u00e4 niinkin helppoa, ett\u00e4 veloitus tapahtuu automaattisesti kortilta. Sinun ei tarvitse tehd\u00e4 mit\u00e4\u00e4n ylim\u00e4\u00e4r\u00e4ist\u00e4. Kaappien luokse tulee askeleen p\u00e4\u00e4h\u00e4n p\u00f6yt\u00e4, jossa tavaroiden k\u00e4sittely on helppoa ja hauskaa. Voit my\u00f6s viett\u00e4\u00e4 pelitauot kaappialueella.<\/p>\n","protected":false},"featured_media":645665,"comment_status":"open","ping_status":"closed","template":"","meta":[],"product_brand":[],"product_cat":[392],"product_tag":[],"class_list":{"0":"post-666067","1":"product","2":"type-product","3":"status-publish","4":"has-post-thumbnail","6":"product_cat-kaappivuokrat","7":"member-discount","8":"discount-restricted","9":"has-post-title","10":"has-post-date","11":"has-post-category","12":"has-post-tag","13":"has-post-comment","14":"has-post-author","15":"","17":"first","18":"outofstock","19":"taxable","20":"shipping-taxable","21":"purchasable","22":"product-type-variable-subscription","23":"has-default-attributes"},"yoast_head":"<!-- This site is optimized with the Yoast SEO plugin v25.8 - https:\/\/yoast.com\/wordpress\/plugins\/seo\/ -->\n<title>Kaappivuokra King &#8211; The Back Alley<\/title>\n<meta name=\"robots\" content=\"index, follow, max-snippet:-1, max-image-preview:large, max-video-preview:-1\" \/>\n<link rel=\"canonical\" href=\"https:\/\/www.backalley.fi\/tuote\/kaappivuokra-king\/\" \/>\n<meta property=\"og:locale\" content=\"en_US\" \/>\n<meta property=\"og:type\" content=\"article\" \/>\n<meta property=\"og:title\" content=\"Kaappivuokra King &#8211; The Back Alley\" \/>\n<meta property=\"og:description\" content=\"Tarvitsetko s\u00e4ilytystilaa Back Alleylta? T\u00e4st\u00e4 sit\u00e4 saa. Perus peltikaappi ilman erikoisempia krumeluureja. Kaappiin mahtuu helposti varusteet ja pari pyssy\u00e4kin. Vuokra sis\u00e4lt\u00e4\u00e4 k\u00e4ytt\u00f6oikeuden kaappiin. Homma on viel\u00e4 niinkin helppoa, ett\u00e4 veloitus tapahtuu automaattisesti kortilta. Sinun ei tarvitse tehd\u00e4 mit\u00e4\u00e4n ylim\u00e4\u00e4r\u00e4ist\u00e4. Kaappien luokse tulee askeleen p\u00e4\u00e4h\u00e4n p\u00f6yt\u00e4, jossa tavaroiden k\u00e4sittely on helppoa ja hauskaa. Voit my\u00f6s viett\u00e4\u00e4 pelitauot kaappialueella.\" \/>\n<meta property=\"og:url\" content=\"https:\/\/www.backalley.fi\/tuote\/kaappivuokra-king\/\" \/>\n<meta property=\"og:site_name\" content=\"The Back Alley\" \/>\n<meta property=\"article:publisher\" content=\"https:\/\/www.facebook.com\/TheBackAlleyCQC\/\" \/>\n<meta property=\"article:modified_time\" content=\"2024-08-31T21:22:59+00:00\" \/>\n<meta property=\"og:image\" content=\"https:\/\/www.backalley.fi\/wp-content\/uploads\/2020\/04\/20200416-_DSC0115-scaled.jpg\" \/>\n\t<meta property=\"og:image:width\" content=\"2560\" \/>\n\t<meta property=\"og:image:height\" content=\"1700\" \/>\n\t<meta property=\"og:image:type\" content=\"image\/jpeg\" \/>\n<meta name=\"twitter:card\" content=\"summary_large_image\" \/>\n<meta name=\"twitter:label1\" content=\"Est. reading time\" \/>\n\t<meta name=\"twitter:data1\" content=\"2 minutes\" \/>\n<script type=\"application\/ld+json\" class=\"yoast-schema-graph\">{\"@context\":\"https:\/\/schema.org\",\"@graph\":[{\"@type\":\"WebPage\",\"@id\":\"https:\/\/www.backalley.fi\/tuote\/kaappivuokra-king\/\",\"url\":\"https:\/\/www.backalley.fi\/tuote\/kaappivuokra-king\/\",\"name\":\"Kaappivuokra King &#8211; The Back Alley\",\"isPartOf\":{\"@id\":\"https:\/\/www.backalley.fi\/#website\"},\"primaryImageOfPage\":{\"@id\":\"https:\/\/www.backalley.fi\/tuote\/kaappivuokra-king\/#primaryimage\"},\"image\":{\"@id\":\"https:\/\/www.backalley.fi\/tuote\/kaappivuokra-king\/#primaryimage\"},\"thumbnailUrl\":\"https:\/\/www.backalley.fi\/wp-content\/uploads\/2020\/04\/20200416-_DSC0115-scaled.jpg\",\"datePublished\":\"2023-10-07T10:22:22+00:00\",\"dateModified\":\"2024-08-31T21:22:59+00:00\",\"breadcrumb\":{\"@id\":\"https:\/\/www.backalley.fi\/tuote\/kaappivuokra-king\/#breadcrumb\"},\"inLanguage\":\"en-US\",\"potentialAction\":[{\"@type\":\"ReadAction\",\"target\":[\"https:\/\/www.backalley.fi\/tuote\/kaappivuokra-king\/\"]}]},{\"@type\":\"ImageObject\",\"inLanguage\":\"en-US\",\"@id\":\"https:\/\/www.backalley.fi\/tuote\/kaappivuokra-king\/#primaryimage\",\"url\":\"https:\/\/www.backalley.fi\/wp-content\/uploads\/2020\/04\/20200416-_DSC0115-scaled.jpg\",\"contentUrl\":\"https:\/\/www.backalley.fi\/wp-content\/uploads\/2020\/04\/20200416-_DSC0115-scaled.jpg\",\"width\":2560,\"height\":1700},{\"@type\":\"BreadcrumbList\",\"@id\":\"https:\/\/www.backalley.fi\/tuote\/kaappivuokra-king\/#breadcrumb\",\"itemListElement\":[{\"@type\":\"ListItem\",\"position\":1,\"name\":\"Home\",\"item\":\"https:\/\/www.backalley.fi\/\"},{\"@type\":\"ListItem\",\"position\":2,\"name\":\"Kauppa\",\"item\":\"https:\/\/www.backalley.fi\/kauppa\/\"},{\"@type\":\"ListItem\",\"position\":3,\"name\":\"Kaappivuokra King\"}]},{\"@type\":\"WebSite\",\"@id\":\"https:\/\/www.backalley.fi\/#website\",\"url\":\"https:\/\/www.backalley.fi\/\",\"name\":\"The Back Alley\",\"description\":\"\",\"publisher\":{\"@id\":\"https:\/\/www.backalley.fi\/#organization\"},\"potentialAction\":[{\"@type\":\"SearchAction\",\"target\":{\"@type\":\"EntryPoint\",\"urlTemplate\":\"https:\/\/www.backalley.fi\/?s={search_term_string}\"},\"query-input\":{\"@type\":\"PropertyValueSpecification\",\"valueRequired\":true,\"valueName\":\"search_term_string\"}}],\"inLanguage\":\"en-US\"},{\"@type\":\"Organization\",\"@id\":\"https:\/\/www.backalley.fi\/#organization\",\"name\":\"Back Alley\",\"url\":\"https:\/\/www.backalley.fi\/\",\"logo\":{\"@type\":\"ImageObject\",\"inLanguage\":\"en-US\",\"@id\":\"https:\/\/www.backalley.fi\/#\/schema\/logo\/image\/\",\"url\":\"https:\/\/www.backalley.fi\/wp-content\/uploads\/2020\/03\/Logo_new_1.3_tBG.png\",\"contentUrl\":\"https:\/\/www.backalley.fi\/wp-content\/uploads\/2020\/03\/Logo_new_1.3_tBG.png\",\"width\":2560,\"height\":451,\"caption\":\"Back Alley\"},\"image\":{\"@id\":\"https:\/\/www.backalley.fi\/#\/schema\/logo\/image\/\"},\"sameAs\":[\"https:\/\/www.facebook.com\/TheBackAlleyCQC\/\",\"https:\/\/www.instagram.com\/backalleycqc\/\",\"https:\/\/www.youtube.com\/channel\/UCzaYy43hmcLuaDWmLfqNsVA\"]}]}<\/script>\n<!-- \/ Yoast SEO plugin. -->","yoast_head_json":{"title":"Kaappivuokra King &#8211; The Back Alley","robots":{"index":"index","follow":"follow","max-snippet":"max-snippet:-1","max-image-preview":"max-image-preview:large","max-video-preview":"max-video-preview:-1"},"canonical":"https:\/\/www.backalley.fi\/tuote\/kaappivuokra-king\/","og_locale":"en_US","og_type":"article","og_title":"Kaappivuokra King &#8211; The Back Alley","og_description":"Tarvitsetko s\u00e4ilytystilaa Back Alleylta? T\u00e4st\u00e4 sit\u00e4 saa. Perus peltikaappi ilman erikoisempia krumeluureja. Kaappiin mahtuu helposti varusteet ja pari pyssy\u00e4kin. Vuokra sis\u00e4lt\u00e4\u00e4 k\u00e4ytt\u00f6oikeuden kaappiin. Homma on viel\u00e4 niinkin helppoa, ett\u00e4 veloitus tapahtuu automaattisesti kortilta. Sinun ei tarvitse tehd\u00e4 mit\u00e4\u00e4n ylim\u00e4\u00e4r\u00e4ist\u00e4. Kaappien luokse tulee askeleen p\u00e4\u00e4h\u00e4n p\u00f6yt\u00e4, jossa tavaroiden k\u00e4sittely on helppoa ja hauskaa. Voit my\u00f6s viett\u00e4\u00e4 pelitauot kaappialueella.","og_url":"https:\/\/www.backalley.fi\/tuote\/kaappivuokra-king\/","og_site_name":"The Back Alley","article_publisher":"https:\/\/www.facebook.com\/TheBackAlleyCQC\/","article_modified_time":"2024-08-31T21:22:59+00:00","og_image":[{"width":2560,"height":1700,"url":"https:\/\/www.backalley.fi\/wp-content\/uploads\/2020\/04\/20200416-_DSC0115-scaled.jpg","type":"image\/jpeg"}],"twitter_card":"summary_large_image","twitter_misc":{"Est. reading time":"2 minutes"},"schema":{"@context":"https:\/\/schema.org","@graph":[{"@type":"WebPage","@id":"https:\/\/www.backalley.fi\/tuote\/kaappivuokra-king\/","url":"https:\/\/www.backalley.fi\/tuote\/kaappivuokra-king\/","name":"Kaappivuokra King &#8211; The Back Alley","isPartOf":{"@id":"https:\/\/www.backalley.fi\/#website"},"primaryImageOfPage":{"@id":"https:\/\/www.backalley.fi\/tuote\/kaappivuokra-king\/#primaryimage"},"image":{"@id":"https:\/\/www.backalley.fi\/tuote\/kaappivuokra-king\/#primaryimage"},"thumbnailUrl":"https:\/\/www.backalley.fi\/wp-content\/uploads\/2020\/04\/20200416-_DSC0115-scaled.jpg","datePublished":"2023-10-07T10:22:22+00:00","dateModified":"2024-08-31T21:22:59+00:00","breadcrumb":{"@id":"https:\/\/www.backalley.fi\/tuote\/kaappivuokra-king\/#breadcrumb"},"inLanguage":"en-US","potentialAction":[{"@type":"ReadAction","target":["https:\/\/www.backalley.fi\/tuote\/kaappivuokra-king\/"]}]},{"@type":"ImageObject","inLanguage":"en-US","@id":"https:\/\/www.backalley.fi\/tuote\/kaappivuokra-king\/#primaryimage","url":"https:\/\/www.backalley.fi\/wp-content\/uploads\/2020\/04\/20200416-_DSC0115-scaled.jpg","contentUrl":"https:\/\/www.backalley.fi\/wp-content\/uploads\/2020\/04\/20200416-_DSC0115-scaled.jpg","width":2560,"height":1700},{"@type":"BreadcrumbList","@id":"https:\/\/www.backalley.fi\/tuote\/kaappivuokra-king\/#breadcrumb","itemListElement":[{"@type":"ListItem","position":1,"name":"Home","item":"https:\/\/www.backalley.fi\/"},{"@type":"ListItem","position":2,"name":"Kauppa","item":"https:\/\/www.backalley.fi\/kauppa\/"},{"@type":"ListItem","position":3,"name":"Kaappivuokra King"}]},{"@type":"WebSite","@id":"https:\/\/www.backalley.fi\/#website","url":"https:\/\/www.backalley.fi\/","name":"The Back Alley","description":"","publisher":{"@id":"https:\/\/www.backalley.fi\/#organization"},"potentialAction":[{"@type":"SearchAction","target":{"@type":"EntryPoint","urlTemplate":"https:\/\/www.backalley.fi\/?s={search_term_string}"},"query-input":{"@type":"PropertyValueSpecification","valueRequired":true,"valueName":"search_term_string"}}],"inLanguage":"en-US"},{"@type":"Organization","@id":"https:\/\/www.backalley.fi\/#organization","name":"Back Alley","url":"https:\/\/www.backalley.fi\/","logo":{"@type":"ImageObject","inLanguage":"en-US","@id":"https:\/\/www.backalley.fi\/#\/schema\/logo\/image\/","url":"https:\/\/www.backalley.fi\/wp-content\/uploads\/2020\/03\/Logo_new_1.3_tBG.png","contentUrl":"https:\/\/www.backalley.fi\/wp-content\/uploads\/2020\/03\/Logo_new_1.3_tBG.png","width":2560,"height":451,"caption":"Back Alley"},"image":{"@id":"https:\/\/www.backalley.fi\/#\/schema\/logo\/image\/"},"sameAs":["https:\/\/www.facebook.com\/TheBackAlleyCQC\/","https:\/\/www.instagram.com\/backalleycqc\/","https:\/\/www.youtube.com\/channel\/UCzaYy43hmcLuaDWmLfqNsVA"]}]}},"builder_content":"","_links":{"self":[{"href":"https:\/\/www.backalley.fi\/en\/wp-json\/wp\/v2\/product\/666067","targetHints":{"allow":["GET"]}}],"collection":[{"href":"https:\/\/www.backalley.fi\/en\/wp-json\/wp\/v2\/product"}],"about":[{"href":"https:\/\/www.backalley.fi\/en\/wp-json\/wp\/v2\/types\/product"}],"replies":[{"embeddable":true,"href":"https:\/\/www.backalley.fi\/en\/wp-json\/wp\/v2\/comments?post=666067"}],"wp:featuredmedia":[{"embeddable":true,"href":"https:\/\/www.backalley.fi\/en\/wp-json\/wp\/v2\/media\/645665"}],"wp:attachment":[{"href":"https:\/\/www.backalley.fi\/en\/wp-json\/wp\/v2\/media?parent=666067"}],"wp:term":[{"taxonomy":"product_brand","embeddable":true,"href":"https:\/\/www.backalley.fi\/en\/wp-json\/wp\/v2\/product_brand?post=666067"},{"taxonomy":"product_cat","embeddable":true,"href":"https:\/\/www.backalley.fi\/en\/wp-json\/wp\/v2\/product_cat?post=666067"},{"taxonomy":"product_tag","embeddable":true,"href":"https:\/\/www.backalley.fi\/en\/wp-json\/wp\/v2\/product_tag?post=666067"}],"curies":[{"name":"wp","href":"https:\/\/api.w.org\/{rel}","templated":true}]}}